{"id":564,"date":"2020-12-15T10:34:16","date_gmt":"2020-12-15T10:34:16","guid":{"rendered":"https:\/\/finland.itvs-dev.com\/?page_id=564"},"modified":"2020-12-15T10:37:59","modified_gmt":"2020-12-15T10:37:59","slug":"harola","status":"publish","type":"page","link":"https:\/\/itvstudiosfinland.com\/fi\/harola\/","title":{"rendered":"H\u00e4r\u00f6l\u00e4"},"content":{"rendered":"","protected":false},"excerpt":{"rendered":"","protected":false},"author":2,"featured_media":0,"parent":0,"menu_order":0,"comment_status":"closed","ping_status":"closed","template":"page-programme.php","meta":{"footnotes":""},"class_list":["post-564","page","type-page","status-publish","hentry"],"_links":{"self":[{"href":"https:\/\/itvstudiosfinland.com\/fi\/wp-json\/wp\/v2\/pages\/564","targetHints":{"allow":["GET"]}}],"collection":[{"href":"https:\/\/itvstudiosfinland.com\/fi\/wp-json\/wp\/v2\/pages"}],"about":[{"href":"https:\/\/itvstudiosfinland.com\/fi\/wp-json\/wp\/v2\/types\/page"}],"author":[{"embeddable":true,"href":"https:\/\/itvstudiosfinland.com\/fi\/wp-json\/wp\/v2\/users\/2"}],"replies":[{"embeddable":true,"href":"https:\/\/itvstudiosfinland.com\/fi\/wp-json\/wp\/v2\/comments?post=564"}],"version-history":[{"count":5,"href":"https:\/\/itvstudiosfinland.com\/fi\/wp-json\/wp\/v2\/pages\/564\/revisions"}],"predecessor-version":[{"id":572,"href":"https:\/\/itvstudiosfinland.com\/fi\/wp-json\/wp\/v2\/pages\/564\/revisions\/572"}],"wp:attachment":[{"href":"https:\/\/itvstudiosfinland.com\/fi\/wp-json\/wp\/v2\/media?parent=564"}],"curies":[{"name":"wp","href":"https:\/\/api.w.org\/{rel}","templated":true}]}}