{"id":970,"date":"2023-03-21T13:08:55","date_gmt":"2023-03-21T13:08:55","guid":{"rendered":"https:\/\/itvstudiosfinland.com\/?page_id=970"},"modified":"2023-03-21T13:09:17","modified_gmt":"2023-03-21T13:09:17","slug":"saara-aalto-prankkaa-suomea","status":"publish","type":"page","link":"https:\/\/itvstudiosfinland.com\/fi\/saara-aalto-prankkaa-suomea\/","title":{"rendered":"Saara Aalto pr\u00e4nkk\u00e4\u00e4 Suomea"},"content":{"rendered":"","protected":false},"excerpt":{"rendered":"","protected":false},"author":2,"featured_media":0,"parent":0,"menu_order":0,"comment_status":"closed","ping_status":"closed","template":"page-programme.php","meta":{"footnotes":""},"class_list":["post-970","page","type-page","status-publish","hentry"],"_links":{"self":[{"href":"https:\/\/itvstudiosfinland.com\/fi\/wp-json\/wp\/v2\/pages\/970","targetHints":{"allow":["GET"]}}],"collection":[{"href":"https:\/\/itvstudiosfinland.com\/fi\/wp-json\/wp\/v2\/pages"}],"about":[{"href":"https:\/\/itvstudiosfinland.com\/fi\/wp-json\/wp\/v2\/types\/page"}],"author":[{"embeddable":true,"href":"https:\/\/itvstudiosfinland.com\/fi\/wp-json\/wp\/v2\/users\/2"}],"replies":[{"embeddable":true,"href":"https:\/\/itvstudiosfinland.com\/fi\/wp-json\/wp\/v2\/comments?post=970"}],"version-history":[{"count":3,"href":"https:\/\/itvstudiosfinland.com\/fi\/wp-json\/wp\/v2\/pages\/970\/revisions"}],"predecessor-version":[{"id":981,"href":"https:\/\/itvstudiosfinland.com\/fi\/wp-json\/wp\/v2\/pages\/970\/revisions\/981"}],"wp:attachment":[{"href":"https:\/\/itvstudiosfinland.com\/fi\/wp-json\/wp\/v2\/media?parent=970"}],"curies":[{"name":"wp","href":"https:\/\/api.w.org\/{rel}","templated":true}]}}